{"id":23,"date":"2025-04-12T20:34:50","date_gmt":"2025-04-12T20:34:50","guid":{"rendered":"https:\/\/pasaogluyumurta.com\/?page_id=23"},"modified":"2025-04-12T21:31:49","modified_gmt":"2025-04-12T21:31:49","slug":"faaliyet-alanlarimiz","status":"publish","type":"page","link":"https:\/\/pasaogluyumurta.com\/?page_id=23","title":{"rendered":"Faaliyet Alanlar\u0131m\u0131z"},"content":{"rendered":"\t\t<div data-elementor-type=\"wp-page\" data-elementor-id=\"23\" class=\"elementor elementor-23\" data-elementor-post-type=\"page\">\n\t\t\t\t\t\t<section class=\"elementor-section elementor-top-section elementor-element elementor-element-7b3c032 elementor-section-content-middle elementor-section-boxed elementor-section-height-default elementor-section-height-default\" data-id=\"7b3c032\" data-element_type=\"section\">\n\t\t\t\t\t\t<div class=\"elementor-container elementor-column-gap-default\">\n\t\t\t\t\t<div class=\"elementor-column elementor-col-100 elementor-top-column elementor-element elementor-element-108434f\" data-id=\"108434f\" data-element_type=\"column\">\n\t\t\t<div class=\"elementor-widget-wrap elementor-element-populated\">\n\t\t\t\t\t\t<div class=\"elementor-element elementor-element-6160c45 elementor-widget elementor-widget-image\" data-id=\"6160c45\" data-element_type=\"widget\" data-widget_type=\"image.default\">\n\t\t\t\t<div class=\"elementor-widget-container\">\n\t\t\t\t\t\t\t\t\t\t\t\t\t\t\t<img fetchpriority=\"high\" decoding=\"async\" width=\"800\" height=\"600\" src=\"https:\/\/pasaogluyumurta.com\/wp-content\/uploads\/2025\/04\/pasaoglu1-1024x768.jpg\" class=\"attachment-large size-large wp-image-101\" alt=\"\" srcset=\"https:\/\/pasaogluyumurta.com\/wp-content\/uploads\/2025\/04\/pasaoglu1-1024x768.jpg 1024w, https:\/\/pasaogluyumurta.com\/wp-content\/uploads\/2025\/04\/pasaoglu1-300x225.jpg 300w, https:\/\/pasaogluyumurta.com\/wp-content\/uploads\/2025\/04\/pasaoglu1-768x576.jpg 768w, https:\/\/pasaogluyumurta.com\/wp-content\/uploads\/2025\/04\/pasaoglu1-1536x1152.jpg 1536w, https:\/\/pasaogluyumurta.com\/wp-content\/uploads\/2025\/04\/pasaoglu1.jpg 1920w\" sizes=\"(max-width: 800px) 100vw, 800px\" \/>\t\t\t\t\t\t\t\t\t\t\t\t\t\t\t<\/div>\n\t\t\t\t<\/div>\n\t\t\t\t<div class=\"elementor-element elementor-element-76e33c3 elementor-widget elementor-widget-text-editor\" data-id=\"76e33c3\" data-element_type=\"widget\" data-widget_type=\"text-editor.default\">\n\t\t\t\t<div class=\"elementor-widget-container\">\n\t\t\t\t\t\t\t\t\t<p>Pa\u015fao\u011flu Yumurtac\u0131l\u0131k, ba\u015fta Antalya olmak \u00fczere \u00e7evre il\u00e7elere de g\u00fcnl\u00fck taze yumurta sevkiyat\u0131n\u0131 sorunsuz ve h\u0131zl\u0131 bir \u015fekilde ger\u00e7ekle\u015ftirmektedir. Bu sevkiyat s\u00fcreci, y\u0131llar i\u00e7inde geli\u015ftirilmi\u015f etkin lojistik y\u00f6netimi ve profesyonel kadro sayesinde kusursuz \u015fekilde y\u00fcr\u00fct\u00fclmektedir. M\u00fc\u015fterilerine sundu\u011fu esnek da\u011f\u0131t\u0131m \u00e7\u00f6z\u00fcmleri ile Pa\u015fao\u011flu Yumurtac\u0131l\u0131k, zaman\u0131nda ve eksiksiz teslimat garantisi sunarak sekt\u00f6rde g\u00fcvenilir bir ortak olarak kabul g\u00f6rm\u00fc\u015ft\u00fcr.<\/p>\t\t\t\t\t\t\t\t<\/div>\n\t\t\t\t<\/div>\n\t\t\t\t\t<\/div>\n\t\t<\/div>\n\t\t\t\t\t<\/div>\n\t\t<\/section>\n\t\t\t\t<\/div>\n\t\t","protected":false},"excerpt":{"rendered":"<p>Pa\u015fao\u011flu Yumurtac\u0131l\u0131k, ba\u015fta Antalya olmak \u00fczere \u00e7evre il\u00e7elere de g\u00fcnl\u00fck taze yumurta sevkiyat\u0131n\u0131 sorunsuz ve h\u0131zl\u0131 bir \u015fekilde ger\u00e7ekle\u015ftirmektedir. Bu sevkiyat s\u00fcreci, y\u0131llar i\u00e7inde geli\u015ftirilmi\u015f etkin lojistik y\u00f6netimi ve profesyonel kadro sayesinde kusursuz \u015fekilde y\u00fcr\u00fct\u00fclmektedir. M\u00fc\u015fterilerine sundu\u011fu esnek da\u011f\u0131t\u0131m \u00e7\u00f6z\u00fcmleri ile Pa\u015fao\u011flu Yumurtac\u0131l\u0131k, zaman\u0131nda ve eksiksiz teslimat garantisi sunarak sekt\u00f6rde g\u00fcvenilir bir ortak olarak kabul [&hellip;]<\/p>\n","protected":false},"author":1,"featured_media":0,"parent":0,"menu_order":0,"comment_status":"closed","ping_status":"closed","template":"","meta":{"footnotes":""},"class_list":["post-23","page","type-page","status-publish","hentry"],"_links":{"self":[{"href":"https:\/\/pasaogluyumurta.com\/index.php?rest_route=\/wp\/v2\/pages\/23","targetHints":{"allow":["GET"]}}],"collection":[{"href":"https:\/\/pasaogluyumurta.com\/index.php?rest_route=\/wp\/v2\/pages"}],"about":[{"href":"https:\/\/pasaogluyumurta.com\/index.php?rest_route=\/wp\/v2\/types\/page"}],"author":[{"embeddable":true,"href":"https:\/\/pasaogluyumurta.com\/index.php?rest_route=\/wp\/v2\/users\/1"}],"replies":[{"embeddable":true,"href":"https:\/\/pasaogluyumurta.com\/index.php?rest_route=%2Fwp%2Fv2%2Fcomments&post=23"}],"version-history":[{"count":4,"href":"https:\/\/pasaogluyumurta.com\/index.php?rest_route=\/wp\/v2\/pages\/23\/revisions"}],"predecessor-version":[{"id":119,"href":"https:\/\/pasaogluyumurta.com\/index.php?rest_route=\/wp\/v2\/pages\/23\/revisions\/119"}],"wp:attachment":[{"href":"https:\/\/pasaogluyumurta.com\/index.php?rest_route=%2Fwp%2Fv2%2Fmedia&parent=23"}],"curies":[{"name":"wp","href":"https:\/\/api.w.org\/{rel}","templated":true}]}}