{"id":21,"date":"2025-04-12T20:34:40","date_gmt":"2025-04-12T20:34:40","guid":{"rendered":"https:\/\/pasaogluyumurta.com\/?page_id=21"},"modified":"2025-04-12T21:29:06","modified_gmt":"2025-04-12T21:29:06","slug":"kurumsal","status":"publish","type":"page","link":"https:\/\/pasaogluyumurta.com\/?page_id=21","title":{"rendered":"Kurumsal"},"content":{"rendered":"\t\t<div data-elementor-type=\"wp-page\" data-elementor-id=\"21\" class=\"elementor elementor-21\" data-elementor-post-type=\"page\">\n\t\t\t\t\t\t<section class=\"elementor-section elementor-top-section elementor-element elementor-element-f2d4801 elementor-section-content-middle elementor-section-boxed elementor-section-height-default elementor-section-height-default\" data-id=\"f2d4801\" data-element_type=\"section\">\n\t\t\t\t\t\t<div class=\"elementor-container elementor-column-gap-default\">\n\t\t\t\t\t<div class=\"elementor-column elementor-col-50 elementor-top-column elementor-element elementor-element-b337914\" data-id=\"b337914\" data-element_type=\"column\">\n\t\t\t<div class=\"elementor-widget-wrap elementor-element-populated\">\n\t\t\t\t\t\t<div class=\"elementor-element elementor-element-aad01f8 elementor-widget elementor-widget-text-editor\" data-id=\"aad01f8\" data-element_type=\"widget\" data-widget_type=\"text-editor.default\">\n\t\t\t\t<div class=\"elementor-widget-container\">\n\t\t\t\t\t\t\t\t\t<p>G\u00fcc\u00fcn\u00fc k\u00f6kl\u00fc ge\u00e7mi\u015finden alan Pa\u015fao\u011flu Yumurtac\u0131l\u0131k, 1970.te ba\u015flad\u0131\u011f\u0131 toptan &amp; perakende yumurtac\u0131l\u0131k faaliyetlerine bug\u00fcn 1000 m2 kapal\u0131, 400 m2 a\u00e7\u0131k alana sahip tesisinde devam etmektedir.<\/p><p>Nesiller boyu s\u00fcregelen kalite ve d\u00fcr\u00fcst ticaret vizyonuyla Pa\u015fao\u011flu Yumurtac\u0131l\u0131k, sekt\u00f6rde aranan bir de\u011fer olmaya devam etmektedir.<\/p><p>Geni\u015f sevkiyat a\u011f\u0131 ile t\u00fcm Antalya ve \u00e7evre il\u00e7elerine g\u00fcnl\u00fck, taze ve h\u0131zl\u0131 yumurta sevkiyat\u0131n\u0131 sorunsuz ger\u00e7ekle\u015ftirmektedir.<\/p>\t\t\t\t\t\t\t\t<\/div>\n\t\t\t\t<\/div>\n\t\t\t\t\t<\/div>\n\t\t<\/div>\n\t\t\t\t<div class=\"elementor-column elementor-col-50 elementor-top-column elementor-element elementor-element-511b004\" data-id=\"511b004\" data-element_type=\"column\">\n\t\t\t<div class=\"elementor-widget-wrap elementor-element-populated\">\n\t\t\t\t\t\t<div class=\"elementor-element elementor-element-a1cc52b elementor-widget elementor-widget-image\" data-id=\"a1cc52b\" data-element_type=\"widget\" data-widget_type=\"image.default\">\n\t\t\t\t<div class=\"elementor-widget-container\">\n\t\t\t\t\t\t\t\t\t\t\t\t\t\t\t<img fetchpriority=\"high\" decoding=\"async\" width=\"800\" height=\"600\" src=\"https:\/\/pasaogluyumurta.com\/wp-content\/uploads\/2025\/04\/pasaoglu4-1024x768.jpg\" class=\"attachment-large size-large wp-image-104\" alt=\"\" srcset=\"https:\/\/pasaogluyumurta.com\/wp-content\/uploads\/2025\/04\/pasaoglu4-1024x768.jpg 1024w, https:\/\/pasaogluyumurta.com\/wp-content\/uploads\/2025\/04\/pasaoglu4-300x225.jpg 300w, https:\/\/pasaogluyumurta.com\/wp-content\/uploads\/2025\/04\/pasaoglu4-768x576.jpg 768w, https:\/\/pasaogluyumurta.com\/wp-content\/uploads\/2025\/04\/pasaoglu4-1536x1152.jpg 1536w, https:\/\/pasaogluyumurta.com\/wp-content\/uploads\/2025\/04\/pasaoglu4.jpg 1920w\" sizes=\"(max-width: 800px) 100vw, 800px\" \/>\t\t\t\t\t\t\t\t\t\t\t\t\t\t\t<\/div>\n\t\t\t\t<\/div>\n\t\t\t\t\t<\/div>\n\t\t<\/div>\n\t\t\t\t\t<\/div>\n\t\t<\/section>\n\t\t\t\t<section class=\"elementor-section elementor-top-section elementor-element elementor-element-01e6c06 elementor-section-boxed elementor-section-height-default elementor-section-height-default\" data-id=\"01e6c06\" data-element_type=\"section\" data-settings=\"{&quot;background_background&quot;:&quot;classic&quot;}\">\n\t\t\t\t\t\t<div class=\"elementor-container elementor-column-gap-default\">\n\t\t\t\t\t<div class=\"elementor-column elementor-col-100 elementor-top-column elementor-element elementor-element-977a758\" data-id=\"977a758\" data-element_type=\"column\">\n\t\t\t<div class=\"elementor-widget-wrap elementor-element-populated\">\n\t\t\t\t\t\t<div class=\"elementor-element elementor-element-9254a87 elementor-widget elementor-widget-heading\" data-id=\"9254a87\" data-element_type=\"widget\" data-widget_type=\"heading.default\">\n\t\t\t\t<div class=\"elementor-widget-container\">\n\t\t\t\t\t<h4 class=\"elementor-heading-title elementor-size-default\">Referanslar\u0131m\u0131z<\/h4>\t\t\t\t<\/div>\n\t\t\t\t<\/div>\n\t\t\t\t<section class=\"elementor-section elementor-inner-section elementor-element elementor-element-b05adca elementor-section-boxed elementor-section-height-default elementor-section-height-default\" data-id=\"b05adca\" data-element_type=\"section\">\n\t\t\t\t\t\t<div class=\"elementor-container elementor-column-gap-default\">\n\t\t\t\t\t<div class=\"elementor-column elementor-col-25 elementor-inner-column elementor-element elementor-element-f92950b\" data-id=\"f92950b\" data-element_type=\"column\">\n\t\t\t<div class=\"elementor-widget-wrap elementor-element-populated\">\n\t\t\t\t\t\t<div class=\"elementor-element elementor-element-2a9a358 elementor-widget elementor-widget-image\" data-id=\"2a9a358\" data-element_type=\"widget\" data-widget_type=\"image.default\">\n\t\t\t\t<div class=\"elementor-widget-container\">\n\t\t\t\t\t\t\t\t\t\t\t\t\t\t\t<img decoding=\"async\" width=\"400\" height=\"207\" src=\"https:\/\/pasaogluyumurta.com\/wp-content\/uploads\/2025\/04\/images.png\" class=\"attachment-large size-large wp-image-105\" alt=\"\" srcset=\"https:\/\/pasaogluyumurta.com\/wp-content\/uploads\/2025\/04\/images.png 400w, https:\/\/pasaogluyumurta.com\/wp-content\/uploads\/2025\/04\/images-300x155.png 300w\" sizes=\"(max-width: 400px) 100vw, 400px\" \/>\t\t\t\t\t\t\t\t\t\t\t\t\t\t\t<\/div>\n\t\t\t\t<\/div>\n\t\t\t\t\t<\/div>\n\t\t<\/div>\n\t\t\t\t<div class=\"elementor-column elementor-col-25 elementor-inner-column elementor-element elementor-element-06b1e94\" data-id=\"06b1e94\" data-element_type=\"column\">\n\t\t\t<div class=\"elementor-widget-wrap elementor-element-populated\">\n\t\t\t\t\t\t<div class=\"elementor-element elementor-element-382c394 elementor-widget elementor-widget-image\" data-id=\"382c394\" data-element_type=\"widget\" data-widget_type=\"image.default\">\n\t\t\t\t<div class=\"elementor-widget-container\">\n\t\t\t\t\t\t\t\t\t\t\t\t\t\t\t<img decoding=\"async\" width=\"400\" height=\"207\" src=\"https:\/\/pasaogluyumurta.com\/wp-content\/uploads\/2025\/04\/images-1.png\" class=\"attachment-large size-large wp-image-107\" alt=\"\" srcset=\"https:\/\/pasaogluyumurta.com\/wp-content\/uploads\/2025\/04\/images-1.png 400w, https:\/\/pasaogluyumurta.com\/wp-content\/uploads\/2025\/04\/images-1-300x155.png 300w\" sizes=\"(max-width: 400px) 100vw, 400px\" \/>\t\t\t\t\t\t\t\t\t\t\t\t\t\t\t<\/div>\n\t\t\t\t<\/div>\n\t\t\t\t\t<\/div>\n\t\t<\/div>\n\t\t\t\t<div class=\"elementor-column elementor-col-25 elementor-inner-column elementor-element elementor-element-0d454a3\" data-id=\"0d454a3\" data-element_type=\"column\">\n\t\t\t<div class=\"elementor-widget-wrap elementor-element-populated\">\n\t\t\t\t\t\t<div class=\"elementor-element elementor-element-8341bec elementor-widget elementor-widget-image\" data-id=\"8341bec\" data-element_type=\"widget\" data-widget_type=\"image.default\">\n\t\t\t\t<div class=\"elementor-widget-container\">\n\t\t\t\t\t\t\t\t\t\t\t\t\t\t\t<img loading=\"lazy\" decoding=\"async\" width=\"400\" height=\"207\" src=\"https:\/\/pasaogluyumurta.com\/wp-content\/uploads\/2025\/04\/images-2.png\" class=\"attachment-large size-large wp-image-108\" alt=\"\" srcset=\"https:\/\/pasaogluyumurta.com\/wp-content\/uploads\/2025\/04\/images-2.png 400w, https:\/\/pasaogluyumurta.com\/wp-content\/uploads\/2025\/04\/images-2-300x155.png 300w\" sizes=\"(max-width: 400px) 100vw, 400px\" \/>\t\t\t\t\t\t\t\t\t\t\t\t\t\t\t<\/div>\n\t\t\t\t<\/div>\n\t\t\t\t\t<\/div>\n\t\t<\/div>\n\t\t\t\t<div class=\"elementor-column elementor-col-25 elementor-inner-column elementor-element elementor-element-e325858\" data-id=\"e325858\" data-element_type=\"column\">\n\t\t\t<div class=\"elementor-widget-wrap elementor-element-populated\">\n\t\t\t\t\t\t<div class=\"elementor-element elementor-element-094a5d9 elementor-widget elementor-widget-image\" data-id=\"094a5d9\" data-element_type=\"widget\" data-widget_type=\"image.default\">\n\t\t\t\t<div class=\"elementor-widget-container\">\n\t\t\t\t\t\t\t\t\t\t\t\t\t\t\t<img loading=\"lazy\" decoding=\"async\" width=\"400\" height=\"207\" src=\"https:\/\/pasaogluyumurta.com\/wp-content\/uploads\/2025\/04\/images-3.png\" class=\"attachment-large size-large wp-image-109\" alt=\"\" srcset=\"https:\/\/pasaogluyumurta.com\/wp-content\/uploads\/2025\/04\/images-3.png 400w, https:\/\/pasaogluyumurta.com\/wp-content\/uploads\/2025\/04\/images-3-300x155.png 300w\" sizes=\"(max-width: 400px) 100vw, 400px\" \/>\t\t\t\t\t\t\t\t\t\t\t\t\t\t\t<\/div>\n\t\t\t\t<\/div>\n\t\t\t\t\t<\/div>\n\t\t<\/div>\n\t\t\t\t\t<\/div>\n\t\t<\/section>\n\t\t\t\t\t<\/div>\n\t\t<\/div>\n\t\t\t\t\t<\/div>\n\t\t<\/section>\n\t\t\t\t<section class=\"elementor-section elementor-top-section elementor-element elementor-element-15e6ef6 elementor-section-content-middle elementor-section-boxed elementor-section-height-default elementor-section-height-default\" data-id=\"15e6ef6\" data-element_type=\"section\">\n\t\t\t\t\t\t<div class=\"elementor-container elementor-column-gap-default\">\n\t\t\t\t\t<div class=\"elementor-column elementor-col-50 elementor-top-column elementor-element elementor-element-95e8191\" data-id=\"95e8191\" data-element_type=\"column\">\n\t\t\t<div class=\"elementor-widget-wrap elementor-element-populated\">\n\t\t\t\t\t\t<div class=\"elementor-element elementor-element-6210670 elementor-widget elementor-widget-image\" data-id=\"6210670\" data-element_type=\"widget\" data-widget_type=\"image.default\">\n\t\t\t\t<div class=\"elementor-widget-container\">\n\t\t\t\t\t\t\t\t\t\t\t\t\t\t\t<img loading=\"lazy\" decoding=\"async\" width=\"800\" height=\"600\" src=\"https:\/\/pasaogluyumurta.com\/wp-content\/uploads\/2025\/04\/pasaoglu3-1024x768.jpg\" class=\"attachment-large size-large wp-image-103\" alt=\"\" srcset=\"https:\/\/pasaogluyumurta.com\/wp-content\/uploads\/2025\/04\/pasaoglu3-1024x768.jpg 1024w, https:\/\/pasaogluyumurta.com\/wp-content\/uploads\/2025\/04\/pasaoglu3-300x225.jpg 300w, https:\/\/pasaogluyumurta.com\/wp-content\/uploads\/2025\/04\/pasaoglu3-768x576.jpg 768w, https:\/\/pasaogluyumurta.com\/wp-content\/uploads\/2025\/04\/pasaoglu3-1536x1152.jpg 1536w, https:\/\/pasaogluyumurta.com\/wp-content\/uploads\/2025\/04\/pasaoglu3.jpg 1920w\" sizes=\"(max-width: 800px) 100vw, 800px\" \/>\t\t\t\t\t\t\t\t\t\t\t\t\t\t\t<\/div>\n\t\t\t\t<\/div>\n\t\t\t\t\t<\/div>\n\t\t<\/div>\n\t\t\t\t<div class=\"elementor-column elementor-col-50 elementor-top-column elementor-element elementor-element-6944458\" data-id=\"6944458\" data-element_type=\"column\">\n\t\t\t<div class=\"elementor-widget-wrap elementor-element-populated\">\n\t\t\t\t\t\t<div class=\"elementor-element elementor-element-73291a1 elementor-widget elementor-widget-text-editor\" data-id=\"73291a1\" data-element_type=\"widget\" data-widget_type=\"text-editor.default\">\n\t\t\t\t<div class=\"elementor-widget-container\">\n\t\t\t\t\t\t\t\t\t<p>Kurulu\u015fundan bu yana Pa\u015fao\u011flu Yumurtac\u0131l\u0131k, kalite, g\u00fcvenilirlik ve d\u00fcr\u00fcst ticaret ilkelerini temel alarak sekt\u00f6rde sa\u011flam bir yer edinmi\u015ftir.<\/p><p>Toptan &amp; Perakende Yumurtac\u0131l\u0131k ticaretinin her a\u015famas\u0131nda en y\u00fcksek kalite standartlar\u0131n\u0131 benimseyen firma, yaln\u0131zca taze ve besleyici yumurtalar sunmakla kalmay\u0131p, ayn\u0131 zamanda hijyen ve sa\u011fl\u0131k ko\u015fullar\u0131na da azami dikkat g\u00f6stermektedir.<\/p><p>Pa\u015fao\u011flu Yumurtac\u0131l\u0131k&#8217;\u0131n sahip oldu\u011fu modern \u00fcretim tesisleri, teknolojik yeniliklerle donat\u0131lm\u0131\u015f olup, \u00e7evre dostu \u00fcretim s\u00fcre\u00e7leriyle hem do\u011faya hem de topluma kar\u015f\u0131 sorumlulu\u011funu yerine getirmektedir.<\/p>\t\t\t\t\t\t\t\t<\/div>\n\t\t\t\t<\/div>\n\t\t\t\t\t<\/div>\n\t\t<\/div>\n\t\t\t\t\t<\/div>\n\t\t<\/section>\n\t\t\t\t<section class=\"elementor-section elementor-top-section elementor-element elementor-element-b03f692 elementor-section-content-middle elementor-section-boxed elementor-section-height-default elementor-section-height-default\" data-id=\"b03f692\" data-element_type=\"section\">\n\t\t\t\t\t\t<div class=\"elementor-container elementor-column-gap-default\">\n\t\t\t\t\t<div class=\"elementor-column elementor-col-50 elementor-top-column elementor-element elementor-element-88a384f\" data-id=\"88a384f\" data-element_type=\"column\">\n\t\t\t<div class=\"elementor-widget-wrap elementor-element-populated\">\n\t\t\t\t\t\t<div class=\"elementor-element elementor-element-58186ac elementor-widget elementor-widget-text-editor\" data-id=\"58186ac\" data-element_type=\"widget\" data-widget_type=\"text-editor.default\">\n\t\t\t\t<div class=\"elementor-widget-container\">\n\t\t\t\t\t\t\t\t\t<p>Firman\u0131n sekt\u00f6rde \u00f6ne \u00e7\u0131kan en b\u00fcy\u00fck avantajlar\u0131ndan biri, sahip oldu\u011fu geni\u015f lojistik ve da\u011f\u0131t\u0131m a\u011f\u0131d\u0131r. Pa\u015fao\u011flu Yumurtac\u0131l\u0131k, ba\u015fta Antalya olmak \u00fczere \u00e7evre il\u00e7elere de g\u00fcnl\u00fck taze yumurta sevkiyat\u0131n\u0131 sorunsuz ve h\u0131zl\u0131 bir \u015fekilde ger\u00e7ekle\u015ftirmektedir.<\/p><p>Bu sevkiyat s\u00fcreci, y\u0131llar i\u00e7inde geli\u015ftirilmi\u015f etkin lojistik y\u00f6netimi ve profesyonel kadro sayesinde kusursuz \u015fekilde y\u00fcr\u00fct\u00fclmektedir. M\u00fc\u015fterilerine sundu\u011fu esnek da\u011f\u0131t\u0131m \u00e7\u00f6z\u00fcmleri ile Pa\u015fao\u011flu Yumurtac\u0131l\u0131k, zaman\u0131nda ve eksiksiz teslimat garantisi sunarak sektorde g\u00fcvenilir bir ortak olarak kabul ediln\u0131ektedir.<\/p><p>\u00a0<\/p>\t\t\t\t\t\t\t\t<\/div>\n\t\t\t\t<\/div>\n\t\t\t\t\t<\/div>\n\t\t<\/div>\n\t\t\t\t<div class=\"elementor-column elementor-col-50 elementor-top-column elementor-element elementor-element-7776074\" data-id=\"7776074\" data-element_type=\"column\">\n\t\t\t<div class=\"elementor-widget-wrap elementor-element-populated\">\n\t\t\t\t\t\t<div class=\"elementor-element elementor-element-e774699 elementor-widget elementor-widget-image\" data-id=\"e774699\" data-element_type=\"widget\" data-widget_type=\"image.default\">\n\t\t\t\t<div class=\"elementor-widget-container\">\n\t\t\t\t\t\t\t\t\t\t\t\t\t\t\t<img loading=\"lazy\" decoding=\"async\" width=\"800\" height=\"600\" src=\"https:\/\/pasaogluyumurta.com\/wp-content\/uploads\/2025\/04\/pasaoglu1-1024x768.jpg\" class=\"attachment-large size-large wp-image-101\" alt=\"\" srcset=\"https:\/\/pasaogluyumurta.com\/wp-content\/uploads\/2025\/04\/pasaoglu1-1024x768.jpg 1024w, https:\/\/pasaogluyumurta.com\/wp-content\/uploads\/2025\/04\/pasaoglu1-300x225.jpg 300w, https:\/\/pasaogluyumurta.com\/wp-content\/uploads\/2025\/04\/pasaoglu1-768x576.jpg 768w, https:\/\/pasaogluyumurta.com\/wp-content\/uploads\/2025\/04\/pasaoglu1-1536x1152.jpg 1536w, https:\/\/pasaogluyumurta.com\/wp-content\/uploads\/2025\/04\/pasaoglu1.jpg 1920w\" sizes=\"(max-width: 800px) 100vw, 800px\" \/>\t\t\t\t\t\t\t\t\t\t\t\t\t\t\t<\/div>\n\t\t\t\t<\/div>\n\t\t\t\t\t<\/div>\n\t\t<\/div>\n\t\t\t\t\t<\/div>\n\t\t<\/section>\n\t\t\t\t<\/div>\n\t\t","protected":false},"excerpt":{"rendered":"<p>G\u00fcc\u00fcn\u00fc k\u00f6kl\u00fc ge\u00e7mi\u015finden alan Pa\u015fao\u011flu Yumurtac\u0131l\u0131k, 1970.te ba\u015flad\u0131\u011f\u0131 toptan &amp; perakende yumurtac\u0131l\u0131k faaliyetlerine bug\u00fcn 1000 m2 kapal\u0131, 400 m2 a\u00e7\u0131k alana sahip tesisinde devam etmektedir. Nesiller boyu s\u00fcregelen kalite ve d\u00fcr\u00fcst ticaret vizyonuyla Pa\u015fao\u011flu Yumurtac\u0131l\u0131k, sekt\u00f6rde aranan bir de\u011fer olmaya devam etmektedir. Geni\u015f sevkiyat a\u011f\u0131 ile t\u00fcm Antalya ve \u00e7evre il\u00e7elerine g\u00fcnl\u00fck, taze ve h\u0131zl\u0131 [&hellip;]<\/p>\n","protected":false},"author":1,"featured_media":0,"parent":0,"menu_order":0,"comment_status":"closed","ping_status":"closed","template":"","meta":{"footnotes":""},"class_list":["post-21","page","type-page","status-publish","hentry"],"_links":{"self":[{"href":"https:\/\/pasaogluyumurta.com\/index.php?rest_route=\/wp\/v2\/pages\/21","targetHints":{"allow":["GET"]}}],"collection":[{"href":"https:\/\/pasaogluyumurta.com\/index.php?rest_route=\/wp\/v2\/pages"}],"about":[{"href":"https:\/\/pasaogluyumurta.com\/index.php?rest_route=\/wp\/v2\/types\/page"}],"author":[{"embeddable":true,"href":"https:\/\/pasaogluyumurta.com\/index.php?rest_route=\/wp\/v2\/users\/1"}],"replies":[{"embeddable":true,"href":"https:\/\/pasaogluyumurta.com\/index.php?rest_route=%2Fwp%2Fv2%2Fcomments&post=21"}],"version-history":[{"count":7,"href":"https:\/\/pasaogluyumurta.com\/index.php?rest_route=\/wp\/v2\/pages\/21\/revisions"}],"predecessor-version":[{"id":116,"href":"https:\/\/pasaogluyumurta.com\/index.php?rest_route=\/wp\/v2\/pages\/21\/revisions\/116"}],"wp:attachment":[{"href":"https:\/\/pasaogluyumurta.com\/index.php?rest_route=%2Fwp%2Fv2%2Fmedia&parent=21"}],"curies":[{"name":"wp","href":"https:\/\/api.w.org\/{rel}","templated":true}]}}