{"id":18,"date":"2025-04-12T20:34:33","date_gmt":"2025-04-12T20:34:33","guid":{"rendered":"https:\/\/pasaogluyumurta.com\/?page_id=18"},"modified":"2025-04-12T21:19:18","modified_gmt":"2025-04-12T21:19:18","slug":"anasayfa","status":"publish","type":"page","link":"https:\/\/pasaogluyumurta.com\/","title":{"rendered":"Anasayfa"},"content":{"rendered":"\t\t<div data-elementor-type=\"wp-page\" data-elementor-id=\"18\" class=\"elementor elementor-18\" data-elementor-post-type=\"page\">\n\t\t\t\t\t\t<section class=\"elementor-section elementor-top-section elementor-element elementor-element-f6f8b89 elementor-section-full_width elementor-section-height-default elementor-section-height-default\" data-id=\"f6f8b89\" data-element_type=\"section\">\n\t\t\t\t\t\t<div class=\"elementor-container elementor-column-gap-no\">\n\t\t\t\t\t<div class=\"elementor-column elementor-col-100 elementor-top-column elementor-element elementor-element-0f5f56c\" data-id=\"0f5f56c\" data-element_type=\"column\">\n\t\t\t<div class=\"elementor-widget-wrap elementor-element-populated\">\n\t\t\t\t\t\t<div class=\"elementor-element elementor-element-028ce6e elementor--v-position-bottom elementor--h-position-center elementor-widget elementor-widget-slides\" data-id=\"028ce6e\" data-element_type=\"widget\" data-settings=\"{&quot;navigation&quot;:&quot;none&quot;,&quot;autoplay_speed&quot;:4000,&quot;autoplay&quot;:&quot;yes&quot;,&quot;pause_on_hover&quot;:&quot;yes&quot;,&quot;pause_on_interaction&quot;:&quot;yes&quot;,&quot;infinite&quot;:&quot;yes&quot;,&quot;transition&quot;:&quot;slide&quot;,&quot;transition_speed&quot;:500}\" data-widget_type=\"slides.default\">\n\t\t\t\t<div class=\"elementor-widget-container\">\n\t\t\t\t\t\t\t\t\t<div class=\"elementor-swiper\">\n\t\t\t\t\t<div class=\"elementor-slides-wrapper elementor-main-swiper swiper\" role=\"region\" aria-roledescription=\"carousel\" aria-label=\"Slides\" dir=\"ltr\" data-animation=\"fadeInUp\">\n\t\t\t\t<div class=\"swiper-wrapper elementor-slides\">\n\t\t\t\t\t\t\t\t\t\t<div class=\"elementor-repeater-item-33ff813 swiper-slide\" role=\"group\" aria-roledescription=\"slide\"><div class=\"swiper-slide-bg\" role=\"img\"><\/div><div class=\"swiper-slide-inner\" ><div class=\"swiper-slide-contents\"><div class=\"elementor-slide-heading\">3 Nesildir Sa\u011fl\u0131k ve Lezzetle...<\/div><div class=\"elementor-slide-description\">1970'den bu yana 3 nesildir dededen toruna sofralar\u0131n\u0131za sa\u011fl\u0131kl\u0131 ve lezzetli yumurta ula\u015ft\u0131rmay\u0131 kendimize ama\u00e7 edindik.<\/div><\/div><\/div><\/div><div class=\"elementor-repeater-item-33782e2 swiper-slide\" role=\"group\" aria-roledescription=\"slide\"><div class=\"swiper-slide-bg\" role=\"img\"><\/div><div class=\"swiper-slide-inner\" ><div class=\"swiper-slide-contents\"><div class=\"elementor-slide-heading\">El De\u011fmeden \u00dcretim & Paketleme<\/div><div class=\"elementor-slide-description\">1000 m2 kapal\u0131, 400 m2 a\u00e7\u0131k tesisimizde el de\u011fmeden yumurtalar\u0131m\u0131z\u0131 paketleyip, geni\u015f sevkiyat a\u011f\u0131m\u0131zla sizlere h\u0131zl\u0131ca ula\u015ft\u0131r\u0131yoruz.<\/div><\/div><\/div><\/div><div class=\"elementor-repeater-item-6cd0a4d swiper-slide\" role=\"group\" aria-roledescription=\"slide\"><div class=\"swiper-slide-bg\" role=\"img\"><\/div><div class=\"swiper-slide-inner\" ><div class=\"swiper-slide-contents\"><div class=\"elementor-slide-heading\">Geleneklere Sad\u0131\u011f\u0131z<\/div><div class=\"elementor-slide-description\">Geleneklerimize \u00f6nem veriyor, sa\u011fl\u0131kl\u0131 ve do\u011fal y\u00f6ntemlerle \u00fcreticili\u011fi destekliyor ve sizlere taze ve do\u011fal \u00fcr\u00fcnlerimizi ula\u015ft\u0131r\u0131yoruz.<\/div><\/div><\/div><\/div>\t\t\t\t<\/div>\n\t\t\t\t\t\t\t\t\t\t\t\t\t\t\t\t\t\t\t\t\t<\/div>\n\t\t\t\t<\/div>\n\t\t\t\t\t\t\t\t<\/div>\n\t\t\t\t<\/div>\n\t\t\t\t\t<\/div>\n\t\t<\/div>\n\t\t\t\t\t<\/div>\n\t\t<\/section>\n\t\t\t\t<section class=\"elementor-section elementor-top-section elementor-element elementor-element-d877a6e elementor-section-content-middle elementor-section-boxed elementor-section-height-default elementor-section-height-default\" data-id=\"d877a6e\" data-element_type=\"section\">\n\t\t\t\t\t\t<div class=\"elementor-container elementor-column-gap-default\">\n\t\t\t\t\t<div class=\"elementor-column elementor-col-50 elementor-top-column elementor-element elementor-element-b3a66bc\" data-id=\"b3a66bc\" data-element_type=\"column\">\n\t\t\t<div class=\"elementor-widget-wrap elementor-element-populated\">\n\t\t\t\t\t\t<div class=\"elementor-element elementor-element-73070aa elementor-widget elementor-widget-theme-site-logo elementor-widget-image\" data-id=\"73070aa\" data-element_type=\"widget\" data-widget_type=\"theme-site-logo.default\">\n\t\t\t\t<div class=\"elementor-widget-container\">\n\t\t\t\t\t\t\t\t\t\t\t<a href=\"https:\/\/pasaogluyumurta.com\">\n\t\t\t<img fetchpriority=\"high\" decoding=\"async\" width=\"996\" height=\"274\" src=\"https:\/\/pasaogluyumurta.com\/wp-content\/uploads\/2025\/04\/logo.png\" class=\"attachment-full size-full wp-image-9\" alt=\"\" srcset=\"https:\/\/pasaogluyumurta.com\/wp-content\/uploads\/2025\/04\/logo.png 996w, https:\/\/pasaogluyumurta.com\/wp-content\/uploads\/2025\/04\/logo-300x83.png 300w, https:\/\/pasaogluyumurta.com\/wp-content\/uploads\/2025\/04\/logo-768x211.png 768w\" sizes=\"(max-width: 996px) 100vw, 996px\" \/>\t\t\t\t<\/a>\n\t\t\t\t\t\t\t\t\t\t\t<\/div>\n\t\t\t\t<\/div>\n\t\t\t\t<div class=\"elementor-element elementor-element-e65d417 elementor-widget elementor-widget-text-editor\" data-id=\"e65d417\" data-element_type=\"widget\" data-widget_type=\"text-editor.default\">\n\t\t\t\t<div class=\"elementor-widget-container\">\n\t\t\t\t\t\t\t\t\t<p>G\u00fcc\u00fcn\u00fc k\u00f6kl\u00fc ge\u00e7mi\u015finden alan Pa\u015fao\u011flu Yumurtac\u0131l\u0131k, 1970.te ba\u015flad\u0131\u011f\u0131 toptan &amp; perakende yumurtac\u0131l\u0131k faaliyetlerine bug\u00fcn 1000 m2 kapal\u0131, 400 m2 a\u00e7\u0131k alana sahip tesisinde devam etmektedir.<\/p><p>Nesiller boyu s\u00fcregelen kalite ve d\u00fcr\u00fcst ticaret vizyonuyla Pa\u015fao\u011flu Yumurtac\u0131l\u0131k, sekt\u00f6rde aranan bir de\u011fer olmaya devam etmektedir.<\/p><p>Geni\u015f sevkiyat a\u011f\u0131 ile t\u00fcm Antalya ve \u00e7evre il\u00e7elerine g\u00fcnl\u00fck, taze ve h\u0131zl\u0131 yumurta sevkiyat\u0131n\u0131 sorunsuz ger\u00e7ekle\u015ftirmektedir.<\/p>\t\t\t\t\t\t\t\t<\/div>\n\t\t\t\t<\/div>\n\t\t\t\t\t<\/div>\n\t\t<\/div>\n\t\t\t\t<div class=\"elementor-column elementor-col-50 elementor-top-column elementor-element elementor-element-dd55b13\" data-id=\"dd55b13\" data-element_type=\"column\">\n\t\t\t<div class=\"elementor-widget-wrap elementor-element-populated\">\n\t\t\t\t\t\t<div class=\"elementor-element elementor-element-d77ef95 elementor-widget elementor-widget-image\" data-id=\"d77ef95\" data-element_type=\"widget\" data-widget_type=\"image.default\">\n\t\t\t\t<div class=\"elementor-widget-container\">\n\t\t\t\t\t\t\t\t\t\t\t\t\t\t\t<img decoding=\"async\" width=\"800\" height=\"600\" src=\"https:\/\/pasaogluyumurta.com\/wp-content\/uploads\/2025\/04\/pasaoglu2-1024x768.jpg\" class=\"attachment-large size-large wp-image-97\" alt=\"\" srcset=\"https:\/\/pasaogluyumurta.com\/wp-content\/uploads\/2025\/04\/pasaoglu2-1024x768.jpg 1024w, https:\/\/pasaogluyumurta.com\/wp-content\/uploads\/2025\/04\/pasaoglu2-300x225.jpg 300w, https:\/\/pasaogluyumurta.com\/wp-content\/uploads\/2025\/04\/pasaoglu2-768x576.jpg 768w, https:\/\/pasaogluyumurta.com\/wp-content\/uploads\/2025\/04\/pasaoglu2-1536x1152.jpg 1536w, https:\/\/pasaogluyumurta.com\/wp-content\/uploads\/2025\/04\/pasaoglu2.jpg 1920w\" sizes=\"(max-width: 800px) 100vw, 800px\" \/>\t\t\t\t\t\t\t\t\t\t\t\t\t\t\t<\/div>\n\t\t\t\t<\/div>\n\t\t\t\t\t<\/div>\n\t\t<\/div>\n\t\t\t\t\t<\/div>\n\t\t<\/section>\n\t\t\t\t<\/div>\n\t\t","protected":false},"excerpt":{"rendered":"<p>3 Nesildir Sa\u011fl\u0131k ve Lezzetle&#8230;1970&#8217;den bu yana 3 nesildir dededen toruna sofralar\u0131n\u0131za sa\u011fl\u0131kl\u0131 ve lezzetli yumurta ula\u015ft\u0131rmay\u0131 kendimize ama\u00e7 edindik.El De\u011fmeden \u00dcretim &#038; Paketleme1000 m2 kapal\u0131, 400 m2 a\u00e7\u0131k tesisimizde el de\u011fmeden yumurtalar\u0131m\u0131z\u0131 paketleyip, geni\u015f sevkiyat a\u011f\u0131m\u0131zla sizlere h\u0131zl\u0131ca ula\u015ft\u0131r\u0131yoruz.Geleneklere Sad\u0131\u011f\u0131zGeleneklerimize \u00f6nem veriyor, sa\u011fl\u0131kl\u0131 ve do\u011fal y\u00f6ntemlerle \u00fcreticili\u011fi destekliyor ve sizlere taze ve do\u011fal \u00fcr\u00fcnlerimizi [&hellip;]<\/p>\n","protected":false},"author":1,"featured_media":0,"parent":0,"menu_order":0,"comment_status":"closed","ping_status":"closed","template":"","meta":{"footnotes":""},"class_list":["post-18","page","type-page","status-publish","hentry"],"_links":{"self":[{"href":"https:\/\/pasaogluyumurta.com\/index.php?rest_route=\/wp\/v2\/pages\/18","targetHints":{"allow":["GET"]}}],"collection":[{"href":"https:\/\/pasaogluyumurta.com\/index.php?rest_route=\/wp\/v2\/pages"}],"about":[{"href":"https:\/\/pasaogluyumurta.com\/index.php?rest_route=\/wp\/v2\/types\/page"}],"author":[{"embeddable":true,"href":"https:\/\/pasaogluyumurta.com\/index.php?rest_route=\/wp\/v2\/users\/1"}],"replies":[{"embeddable":true,"href":"https:\/\/pasaogluyumurta.com\/index.php?rest_route=%2Fwp%2Fv2%2Fcomments&post=18"}],"version-history":[{"count":19,"href":"https:\/\/pasaogluyumurta.com\/index.php?rest_route=\/wp\/v2\/pages\/18\/revisions"}],"predecessor-version":[{"id":100,"href":"https:\/\/pasaogluyumurta.com\/index.php?rest_route=\/wp\/v2\/pages\/18\/revisions\/100"}],"wp:attachment":[{"href":"https:\/\/pasaogluyumurta.com\/index.php?rest_route=%2Fwp%2Fv2%2Fmedia&parent=18"}],"curies":[{"name":"wp","href":"https:\/\/api.w.org\/{rel}","templated":true}]}}